{"id":967,"date":"2021-06-02T08:04:01","date_gmt":"2021-06-02T08:04:01","guid":{"rendered":"http:\/\/lbrand-v1.site.findly.com\/?page_id=967"},"modified":"2025-09-04T12:26:47","modified_gmt":"2025-09-04T12:26:47","slug":"domaines-demploi","status":"publish","type":"page","link":"https:\/\/careers.bathandbodyworks.com\/fr\/domaines-demploi\/","title":{"rendered":"DOMAINES D\u2019EMPLOI"},"content":{"rendered":"<p><div class=\"fusion-fullwidth fullwidth-box fusion-builder-row-1 fusion-flex-container bbw_banner_search__container nonhundred-percent-fullwidth non-hundred-percent-height-scrolling\" style=\"--awb-border-radius-top-left:0px;--awb-border-radius-top-right:0px;--awb-border-radius-bottom-right:0px;--awb-border-radius-bottom-left:0px;--awb-padding-top:25px;--awb-background-color:#e5e5e5;--awb-flex-wrap:wrap;\" aria-label=\"\" role=\"\" ><div class=\"fusion-builder-row fusion-row fusion-flex-align-items-center fusion-flex-justify-content-center fusion-flex-content-wrap\" style=\"max-width:calc( 1557px + 20px );margin-left: calc(-20px \/ 2 );margin-right: calc(-20px \/ 2 );\"><div class=\"fusion-layout-column fusion_builder_column fusion-builder-column-0 fusion-flex-column\" style=\"--awb-bg-size:cover;--awb-width-large:88%;--awb-margin-top-large:0px;--awb-spacing-right-large:10px;--awb-margin-bottom-large:20px;--awb-spacing-left-large:10px;--awb-width-medium:100%;--awb-order-medium:0;--awb-spacing-right-medium:10px;--awb-spacing-left-medium:10px;--awb-width-small:100%;--awb-order-small:0;--awb-spacing-right-small:10px;--awb-spacing-left-small:10px;\"><div class=\"fusion-column-wrapper fusion-column-has-shadow fusion-flex-justify-content-flex-start fusion-content-layout-column\"><div class=\"fusion-widget-area awb-widget-area-element fusion-widget-area-1 fusion-content-widget-area\" style=\"--awb-title-color:#666666;--awb-padding:0px 0px 0px 0px;\"><div id=\"widget_job_search_v2-2\" class=\"widget widget-jobsearch widget-jobsearch-v2\" style=\"border-style: solid;border-color:transparent;border-width:0px;\"><form method=\"GET\" id=\"cws_quickjobsearch\" role=\"search\" class=\"clearfix g-cols offset_medium\" action=\"\/fr\/job-search\/\"><div class=\"quicksearch-title first avia-builder-el-first flex_column fusion-layout-column fusion-one-fifth\"><h3 class=\"widgettitle cws-widgetitle\">JOB SEARCH<\/h3><\/div><div class=\"quicksearch-field quicksearch-SearchText  flex_column fusion-layout-column fusion-one-fifth  horizontal\"><div class=\"w-form-row\"><div class=\"w-form-row-label\"><label for=\"cws_quickjobsearch_keywords\">Mots-cl\u00e9s<\/label><\/div><div class=\"w-form-row-field\"><input type=\"text\" class=\"text_input keyword_suggest\" name=\"keyword\" id=\"cws_quickjobsearch_keywords\" data-autocomplete_limit=\"5\" placeholder=\"Recherche par mots-cl\u00e9s\"  data-param=\"SearchText\" aria-describedby=\"keyword-help\" value=\"\" \/><span id=\"keyword-help\" class=\"visually-hidden sr-only\" aria-live=\"polite\">Begin typing to find suggestions.<\/span><span class=\"w-form-row-field-bar\"><\/span><\/div><input type=\"hidden\" name=\"fuzzy\" id=\"cws_quickjobsearch_fuzzy\" data-param=\"fuzzy\" value=\"\" \/><\/div><\/div><div class=\"quicksearch-field quicksearch-primary_category  flex_column fusion-layout-column fusion-one-fifth  horizontal\"><div class=\"search-control-container container-primary-category\"><div class=\"w-form-row-label\"><label for=\"cws_quickjobsearch_primary_category\">Domaines d\u2019emploi<\/label><\/div><select name=\"category\" id=\"cws_quickjobsearch_primary_category\" class=\"text_select\" data-param=\"facet\" data-facet=\"primary_category\"><option value=\"\">Recherche par domaine d'emploi<\/option><option value=\"Cafe\" >Cafe<\/option><option value=\"Company Affairs\" >Company Affairs<\/option><option value=\"Creative Services\" >Creative Services<\/option><option value=\"Design\" >Design<\/option><option value=\"Digital\" >Digital<\/option><option value=\"Distribution Center Operations\" >Distribution Center Operations<\/option><option value=\"Facilities\" >Facilities<\/option><option value=\"Finance\" >Finance<\/option><option value=\"Human Resources\" >Human Resources<\/option><option value=\"Information Technology\" >Information Technology<\/option><option value=\"International\" >International<\/option><option value=\"Internship\" >Internship<\/option><option value=\"Legal\" >Legal<\/option><option value=\"Marketing\" >Marketing<\/option><option value=\"Merchandising\" >Merchandising<\/option><option value=\"Planning and Allocation\" >Planning and Allocation<\/option><option value=\"Production and Sourcing\" >Production and Sourcing<\/option><option value=\"Store Design and Construction\" >Store Design and Construction<\/option><option value=\"Store Operations\" >Store Operations<\/option><option value=\"Store: Management\" >Store: Management<\/option><option value=\"Store: Sales and Support Associate\" >Store: Sales and Support Associate<\/option><option value=\"Technical Services\" >Technical Services<\/option><option value=\"Visual Merchandising\" >Visual Merchandising<\/option><\/select><\/div><\/div><div class=\"quicksearch-field quicksearch-coordinates  flex_column fusion-layout-column fusion-one-fifth  horizontal\"><div class=\"w-form-row-label\"><label for=\"cws_quickjobsearch_location\">Emplacement<\/label><\/div><div class=\"location-wrapper location-wrapper with_geo\"><input type=\"text\"  class=\"text_input loc_auto\" name=\"location\" id=\"cws_quickjobsearch_location\"  placeholder=\"Recherche \u00e0 proximit\u00e9 d'un emplacement\"  data-param=\"Location\" value=\"\" aria-describedby=\"cws_quickjobsearch_location-description\" \/><button class=\"geolocation-icon fontawesome-icon fas\" id=\"geotooltip\" type=\"button\" tabindex=\"0\" aria-label=\"Use your current location\">&#xf3c5; <span class=\"geolocation-tooltip\"  role=\"tooltip\" aria-hidden=\"true\">Use your current location<\/span> <\/button><span id=\"cws_quickjobsearch_location-description\" style=\"display:none;\">Start typing a location to get suggestions, then press the down arrow to select one.<\/span><span id=\"cws_quickjobsearch_location_error\" style=\"display:none;\" class=\"location_error\">*Please select location from the dropdown<\/span><\/div><input type=\"hidden\" name=\"latitude\" id=\"cws_quickjobsearch_latitude\" data-param=\"latitude\" value=\"\" \/><input type=\"hidden\" name=\"longitude\" id=\"cws_quickjobsearch_longitude\" data-param=\"longitude\" value=\"\" \/><input type=\"hidden\" name=\"state\" id=\"cws_quickjobsearch_state\" data-param=\"facet\" data-facet=\"primary_state\" value=\"\" \/><input type=\"hidden\" name=\"country\" id=\"cws_quickjobsearch_country\" data-param=\"facet\" data-facet=\"primary_country\" value=\"\" \/><input type=\"hidden\" name=\"radius\" id=\"cws_quickjobsearch_radius\" value=\"25\" \/><input type=\"hidden\" name=\"statewide\" id=\"cws_quickjobsearch_statewide\" value=\"\" \/><input type=\"hidden\" name=\"nationwide\" id=\"cws_quickjobsearch_nationwide\" value=\"\" \/><\/div><div class=\"quicksearch-btn avia-builder-el-last flex_column fusion-layout-column fusion-one-fifth\"><input class=\"fusion-button button-default button-small quicksearch-submit\" type=\"submit\" value=\"Recherche\" \/><\/div><\/form><\/div><div class=\"fusion-additional-widget-content\"><\/div><\/div><\/div><\/div><div class=\"fusion-layout-column fusion_builder_column fusion-builder-column-1 fusion-flex-column fusion-flex-align-self-center bbw_banner_search_employee__link\" style=\"--awb-bg-size:cover;--awb-width-large:12%;--awb-margin-top-large:0px;--awb-spacing-right-large:10px;--awb-margin-bottom-large:20px;--awb-spacing-left-large:10px;--awb-width-medium:100%;--awb-order-medium:0;--awb-spacing-right-medium:10px;--awb-spacing-left-medium:10px;--awb-width-small:100%;--awb-order-small:0;--awb-spacing-right-small:10px;--awb-spacing-left-small:10px;\"><div class=\"fusion-column-wrapper fusion-column-has-shadow fusion-flex-justify-content-flex-start fusion-content-layout-column\"><div class=\"fusion-widget-area awb-widget-area-element fusion-widget-area-2 fusion-content-widget-area\" style=\"--awb-title-color:#666666;--awb-padding:0px 0px 0px 0px;\"><div id=\"custom_html-4\" class=\"widget_text widget widget_custom_html\" style=\"border-style: solid;border-color:transparent;border-width:0px;\"><div class=\"textwidget custom-html-widget\"><p><a href=\"https:\/\/lbrands.taleo.net\/careersection\/bbw_in\/jobsearch.ftl\" target=\"_blank\" >Employ\u00e9s &gt;<\/a><\/p><\/div><\/div><div class=\"fusion-additional-widget-content\"><\/div><\/div><\/div><\/div><\/div><\/div><div class=\"fusion-fullwidth fullwidth-box fusion-builder-row-2 fusion-flex-container nonhundred-percent-fullwidth non-hundred-percent-height-scrolling\" style=\"--awb-border-radius-top-left:0px;--awb-border-radius-top-right:0px;--awb-border-radius-bottom-right:0px;--awb-border-radius-bottom-left:0px;--awb-flex-wrap:wrap;\" aria-label=\"\" role=\"\" ><div class=\"fusion-builder-row fusion-row fusion-flex-align-items-flex-start fusion-flex-content-wrap\" style=\"max-width:1619.28px;margin-left: calc(-4% \/ 2 );margin-right: calc(-4% \/ 2 );\"><div class=\"fusion-layout-column fusion_builder_column fusion-builder-column-2 fusion_builder_column_1_1 1_1 fusion-flex-column\" style=\"--awb-bg-size:cover;--awb-width-large:100%;--awb-margin-top-large:0px;--awb-spacing-right-large:1.92%;--awb-margin-bottom-large:20px;--awb-spacing-left-large:1.92%;--awb-width-medium:100%;--awb-order-medium:0;--awb-spacing-right-medium:1.92%;--awb-spacing-left-medium:1.92%;--awb-width-small:100%;--awb-order-small:0;--awb-spacing-right-small:1.92%;--awb-spacing-left-small:1.92%;\"><div class=\"fusion-column-wrapper fusion-column-has-shadow fusion-flex-justify-content-flex-start fusion-content-layout-column\"><nav class=\"fusion-breadcrumbs awb-yoast-breadcrumbs fusion-breadcrumbs-1\" style=\"--awb-breadcrumb-sep:&#039;\/&#039;;\" aria-label=\"Breadcrumb\"><span><span><a href=\"https:\/\/careers.bathandbodyworks.com\/fr\/\">BATH &amp; BODY WORKS CAREERS HOME<\/a><\/span><\/span><\/nav><\/div><\/div><\/div><\/div><div class=\"fusion-fullwidth fullwidth-box fusion-builder-row-3 fusion-flex-container jobareaspage__content nonhundred-percent-fullwidth non-hundred-percent-height-scrolling\" style=\"--awb-border-radius-top-left:0px;--awb-border-radius-top-right:0px;--awb-border-radius-bottom-right:0px;--awb-border-radius-bottom-left:0px;--awb-padding-bottom:40px;--awb-padding-bottom-medium:20px;--awb-padding-bottom-small:0px;--awb-flex-wrap:wrap;\" aria-label=\"\" role=\"\" ><div class=\"fusion-builder-row fusion-row fusion-flex-align-items-flex-start fusion-flex-content-wrap\" style=\"max-width:1619.28px;margin-left: calc(-4% \/ 2 );margin-right: calc(-4% \/ 2 );\"><div class=\"fusion-layout-column fusion_builder_column fusion-builder-column-3 fusion_builder_column_1_1 1_1 fusion-flex-column\" style=\"--awb-bg-size:cover;--awb-width-large:100%;--awb-margin-top-large:0px;--awb-spacing-right-large:1.92%;--awb-margin-bottom-large:20px;--awb-spacing-left-large:1.92%;--awb-width-medium:100%;--awb-order-medium:0;--awb-spacing-right-medium:1.92%;--awb-spacing-left-medium:1.92%;--awb-width-small:100%;--awb-order-small:0;--awb-spacing-right-small:1.92%;--awb-spacing-left-small:1.92%;\"><div class=\"fusion-column-wrapper fusion-column-has-shadow fusion-flex-justify-content-flex-start fusion-content-layout-column\"><div class=\"fusion-title title fusion-title-1 fusion-sep-none fusion-title-text fusion-title-size-one\"><h1 class=\"fusion-title-heading title-heading-left\" style=\"margin:0;\">DOMAINES D\u2019EMPLOI<\/h1><\/div><div class=\"fusion-text fusion-text-1\"><p>Nous sommes une entreprise en pleine croissance dot\u00e9e d\u2019une culture de haut rendement, et un des d\u00e9taillants sp\u00e9cialis\u00e9s les plus cr\u00e9atifs, les plus \u00e9nergiques et les plus rentables de l\u2019industrie. Nos si\u00e8ges sociaux, nos boutiques et nos centres de distribution comptent une \u00e9quipe tr\u00e8s motiv\u00e9e et talentueuse, et chaque jour, elle donne vie \u00e0 une marque teint\u00e9e de plaisir et de bonheur pour chaque client.<\/p> <\/div><\/div><\/div><\/div><\/div><div class=\"fusion-fullwidth fullwidth-box fusion-builder-row-4 fusion-flex-container jobareaspage_cta_container nonhundred-percent-fullwidth non-hundred-percent-height-scrolling\" style=\"--awb-border-radius-top-left:0px;--awb-border-radius-top-right:0px;--awb-border-radius-bottom-right:0px;--awb-border-radius-bottom-left:0px;--awb-padding-bottom:70px;--awb-padding-bottom-medium:40px;--awb-padding-bottom-small:40px;--awb-flex-wrap:wrap;\" aria-label=\"\" role=\"\" ><div class=\"fusion-builder-row fusion-row fusion-flex-align-items-flex-start fusion-flex-content-wrap\" style=\"max-width:calc( 1557px + 30px );margin-left: calc(-30px \/ 2 );margin-right: calc(-30px \/ 2 );\"><div class=\"fusion-layout-column fusion_builder_column fusion-builder-column-4 fusion_builder_column_1_4 1_4 fusion-flex-column\" style=\"--awb-bg-size:cover;--awb-width-large:25%;--awb-margin-top-large:0px;--awb-spacing-right-large:15px;--awb-margin-bottom-large:20px;--awb-spacing-left-large:15px;--awb-width-medium:100%;--awb-order-medium:0;--awb-spacing-right-medium:15px;--awb-spacing-left-medium:15px;--awb-width-small:100%;--awb-order-small:0;--awb-spacing-right-small:15px;--awb-spacing-left-small:15px;\"><div class=\"fusion-column-wrapper fusion-column-has-shadow fusion-flex-justify-content-flex-start fusion-content-layout-column\"><div class=\"fusion-text fusion-text-2\"><p><a href=\"\/fr\/domaines-demploi\/siege-social\/\"><img decoding=\"async\" class=\"alignnone size-full wp-image-511\" src=\"\/wp-content\/uploads\/sites\/1635\/2021\/07\/29032130\/bbw-cws-jobareas-corp-index-new.jpg\" alt=\"The inside of a common cafe area in the corporate offices where employees are gathered sitting at tables throughout to connect and enjoy lunch. \" width=\"364\" height=\"233\" \/><\/a><\/p> <\/div><div style=\"text-align:center;\"><a class=\"fusion-button button-flat button-medium button-custom fusion-button-default button-1 fusion-button-span-no fusion-button-default-type bbw_button__blue\" style=\"--button_accent_color:#ffffff;--button_accent_hover_color:#ffffff;--button_border_hover_color:#ffffff;--button_gradient_top_color:#005699;--button_gradient_bottom_color:#005699;--button_gradient_top_color_hover:#005699;--button_gradient_bottom_color_hover:#005699;--button_text_transform:uppercase;\" target=\"_self\" href=\"\/fr\/domaines-demploi\/siege-social\/\"><span class=\"fusion-button-text\">SI\u00c8GE SOCIAL<\/span><\/a><\/div><\/div><\/div><div class=\"fusion-layout-column fusion_builder_column fusion-builder-column-5 fusion_builder_column_1_4 1_4 fusion-flex-column\" style=\"--awb-bg-size:cover;--awb-width-large:25%;--awb-margin-top-large:0px;--awb-spacing-right-large:15px;--awb-margin-bottom-large:20px;--awb-spacing-left-large:15px;--awb-width-medium:100%;--awb-order-medium:0;--awb-spacing-right-medium:15px;--awb-spacing-left-medium:15px;--awb-width-small:100%;--awb-order-small:0;--awb-spacing-right-small:15px;--awb-spacing-left-small:15px;\"><div class=\"fusion-column-wrapper fusion-column-has-shadow fusion-flex-justify-content-flex-start fusion-content-layout-column\"><div class=\"fusion-text fusion-text-3\"><p><a href=\"\/fr\/domaines-demploi\/boutiques\/\"><img decoding=\"async\" class=\"alignnone size-full wp-image-513\" src=\"\/wp-content\/uploads\/sites\/1635\/2021\/07\/29032232\/bbw-cws-jobareas-stores-index-new.png\" alt=\"A diverse team of Bath and Body Works employees wearing their uniformed blue aprons holding a blue ribbon together in front of a new store location.\" width=\"364\" height=\"233\" \/><\/a><\/p> <\/div><div style=\"text-align:center;\"><a class=\"fusion-button button-flat button-medium button-custom fusion-button-default button-2 fusion-button-span-no fusion-button-default-type bbw_button__blue\" style=\"--button_accent_color:#ffffff;--button_accent_hover_color:#ffffff;--button_border_hover_color:#ffffff;--button_gradient_top_color:#005699;--button_gradient_bottom_color:#005699;--button_gradient_top_color_hover:#005699;--button_gradient_bottom_color_hover:#005699;--button_text_transform:uppercase;\" target=\"_self\" href=\"\/fr\/domaines-demploi\/boutiques\/\"><span class=\"fusion-button-text\">BOUTIQUES<\/span><\/a><\/div><\/div><\/div><div class=\"fusion-layout-column fusion_builder_column fusion-builder-column-6 fusion_builder_column_1_4 1_4 fusion-flex-column\" style=\"--awb-bg-size:cover;--awb-width-large:25%;--awb-margin-top-large:0px;--awb-spacing-right-large:15px;--awb-margin-bottom-large:20px;--awb-spacing-left-large:15px;--awb-width-medium:100%;--awb-order-medium:0;--awb-spacing-right-medium:15px;--awb-spacing-left-medium:15px;--awb-width-small:100%;--awb-order-small:0;--awb-spacing-right-small:15px;--awb-spacing-left-small:15px;\"><div class=\"fusion-column-wrapper fusion-column-has-shadow fusion-flex-justify-content-flex-start fusion-content-layout-column\"><div class=\"fusion-text fusion-text-4\"><p><a href=\"\/fr\/domaines-demploi\/centres-de-distribution\/\"><img decoding=\"async\" class=\"alignnone size-full wp-image-515\" src=\"\/wp-content\/uploads\/sites\/1635\/2021\/07\/29032315\/bbw-cws-jobareas-distribution-index-new.png\" alt=\"A shipping facility stacked with brown boxes from left to right with a make employee wearing a mask and a hat as he handles a taped box.\" width=\"364\" height=\"233\" \/><\/a><\/p> <\/div><div style=\"text-align:center;\"><a class=\"fusion-button button-flat button-medium button-custom fusion-button-default button-3 fusion-button-span-no fusion-button-default-type bbw_button__blue\" style=\"--button_accent_color:#ffffff;--button_accent_hover_color:#ffffff;--button_border_hover_color:#ffffff;--button_gradient_top_color:#005699;--button_gradient_bottom_color:#005699;--button_gradient_top_color_hover:#005699;--button_gradient_bottom_color_hover:#005699;--button_text_transform:uppercase;\" target=\"_self\" href=\"\/fr\/domaines-demploi\/centres-de-distribution\/\"><span class=\"fusion-button-text\">CENTRES DE DISTRIBUTION<\/span><\/a><\/div><\/div><\/div><\/div><\/div><\/p>\n","protected":false},"excerpt":{"rendered":"","protected":false},"author":355,"featured_media":0,"parent":0,"menu_order":0,"comment_status":"closed","ping_status":"open","template":"100-width.php","meta":{"footnotes":""},"persona":[],"class_list":["post-967","page","type-page","status-publish","hentry"],"yoast_head":"<!-- This site is optimized with the Yoast SEO Premium plugin v23.0 (Yoast SEO v23.0) - https:\/\/yoast.com\/wordpress\/plugins\/seo\/ -->\n<title>Bath and Body Works \u2013 Nos emplois<\/title>\n<meta name=\"description\" content=\"Explorez notre vaste gamme de postes, du temps plein au temps partiel, et d\u00e9couvrez un environnement con\u00e7u pour vous permettre d\u2019atteindre le maximum de vos capacit\u00e9s personnelles et professionnelles.\" \/>\n<meta name=\"robots\" content=\"index, follow, max-snippet:-1, max-image-preview:large, max-video-preview:-1\" \/>\n<link rel=\"canonical\" href=\"https:\/\/careers.bathandbodyworks.com\/fr\/domaines-demploi\/\" \/>\n<meta property=\"og:locale\" content=\"fr_FR\" \/>\n<meta property=\"og:type\" content=\"article\" \/>\n<meta property=\"og:title\" content=\"DOMAINES D\u2019EMPLOI\" \/>\n<meta property=\"og:description\" content=\"Explorez notre vaste gamme de postes, du temps plein au temps partiel, et d\u00e9couvrez un environnement con\u00e7u pour vous permettre d\u2019atteindre le maximum de vos capacit\u00e9s personnelles et professionnelles.\" \/>\n<meta property=\"og:url\" content=\"https:\/\/careers.bathandbodyworks.com\/fr\/domaines-demploi\/\" \/>\n<meta property=\"og:site_name\" content=\"Bath &amp; Body Works\" \/>\n<meta property=\"article:modified_time\" content=\"2025-09-04T12:26:47+00:00\" \/>\n<meta property=\"og:image\" content=\"https:\/\/careers.bathandbodyworks.com\/wp-content\/uploads\/sites\/1635\/2021\/07\/29032130\/bbw-cws-jobareas-corp-index-new.jpg\" \/>\n<meta name=\"twitter:card\" content=\"summary_large_image\" \/>\n<meta name=\"twitter:label1\" content=\"Dur\u00e9e de lecture estim\u00e9e\" \/>\n\t<meta name=\"twitter:data1\" content=\"2 minutes\" \/>\n<script type=\"application\/ld+json\" class=\"yoast-schema-graph\">{\"@context\":\"https:\/\/schema.org\",\"@graph\":[{\"@type\":\"WebPage\",\"@id\":\"https:\/\/careers.bathandbodyworks.com\/fr\/domaines-demploi\/\",\"url\":\"https:\/\/careers.bathandbodyworks.com\/fr\/domaines-demploi\/\",\"name\":\"Bath and Body Works \u2013 Nos emplois\",\"isPartOf\":{\"@id\":\"https:\/\/careers.bathandbodyworks.com\/en\/#website\"},\"datePublished\":\"2021-06-02T08:04:01+00:00\",\"dateModified\":\"2025-09-04T12:26:47+00:00\",\"description\":\"Explorez notre vaste gamme de postes, du temps plein au temps partiel, et d\u00e9couvrez un environnement con\u00e7u pour vous permettre d\u2019atteindre le maximum de vos capacit\u00e9s personnelles et professionnelles.\",\"breadcrumb\":{\"@id\":\"https:\/\/careers.bathandbodyworks.com\/fr\/domaines-demploi\/#breadcrumb\"},\"inLanguage\":\"fr-FR\",\"potentialAction\":[{\"@type\":\"ReadAction\",\"target\":[\"https:\/\/careers.bathandbodyworks.com\/fr\/domaines-demploi\/\"]}]},{\"@type\":\"BreadcrumbList\",\"@id\":\"https:\/\/careers.bathandbodyworks.com\/fr\/domaines-demploi\/#breadcrumb\",\"itemListElement\":[{\"@type\":\"ListItem\",\"position\":1,\"name\":\"BATH &amp; BODY WORKS CAREERS HOME\",\"item\":\"https:\/\/careers.bathandbodyworks.com\/fr\/\"},{\"@type\":\"ListItem\",\"position\":2,\"name\":\"DOMAINES D\u2019EMPLOI\"}]},{\"@type\":\"WebSite\",\"@id\":\"https:\/\/careers.bathandbodyworks.com\/en\/#website\",\"url\":\"https:\/\/careers.bathandbodyworks.com\/en\/\",\"name\":\"Bath &amp; Body Works\",\"description\":\"Bath &amp; Body Works\",\"potentialAction\":[{\"@type\":\"SearchAction\",\"target\":{\"@type\":\"EntryPoint\",\"urlTemplate\":\"https:\/\/careers.bathandbodyworks.com\/en\/?s={search_term_string}\"},\"query-input\":\"required name=search_term_string\"}],\"inLanguage\":\"fr-FR\"}]}<\/script>\n<!-- \/ Yoast SEO Premium plugin. -->","yoast_head_json":{"title":"Bath and Body Works \u2013 Nos emplois","description":"Explorez notre vaste gamme de postes, du temps plein au temps partiel, et d\u00e9couvrez un environnement con\u00e7u pour vous permettre d\u2019atteindre le maximum de vos capacit\u00e9s personnelles et professionnelles.","robots":{"index":"index","follow":"follow","max-snippet":"max-snippet:-1","max-image-preview":"max-image-preview:large","max-video-preview":"max-video-preview:-1"},"canonical":"https:\/\/careers.bathandbodyworks.com\/fr\/domaines-demploi\/","og_locale":"fr_FR","og_type":"article","og_title":"DOMAINES D\u2019EMPLOI","og_description":"Explorez notre vaste gamme de postes, du temps plein au temps partiel, et d\u00e9couvrez un environnement con\u00e7u pour vous permettre d\u2019atteindre le maximum de vos capacit\u00e9s personnelles et professionnelles.","og_url":"https:\/\/careers.bathandbodyworks.com\/fr\/domaines-demploi\/","og_site_name":"Bath &amp; Body Works","article_modified_time":"2025-09-04T12:26:47+00:00","og_image":[{"url":"https:\/\/careers.bathandbodyworks.com\/wp-content\/uploads\/sites\/1635\/2021\/07\/29032130\/bbw-cws-jobareas-corp-index-new.jpg"}],"twitter_card":"summary_large_image","twitter_misc":{"Dur\u00e9e de lecture estim\u00e9e":"2 minutes"},"schema":{"@context":"https:\/\/schema.org","@graph":[{"@type":"WebPage","@id":"https:\/\/careers.bathandbodyworks.com\/fr\/domaines-demploi\/","url":"https:\/\/careers.bathandbodyworks.com\/fr\/domaines-demploi\/","name":"Bath and Body Works \u2013 Nos emplois","isPartOf":{"@id":"https:\/\/careers.bathandbodyworks.com\/en\/#website"},"datePublished":"2021-06-02T08:04:01+00:00","dateModified":"2025-09-04T12:26:47+00:00","description":"Explorez notre vaste gamme de postes, du temps plein au temps partiel, et d\u00e9couvrez un environnement con\u00e7u pour vous permettre d\u2019atteindre le maximum de vos capacit\u00e9s personnelles et professionnelles.","breadcrumb":{"@id":"https:\/\/careers.bathandbodyworks.com\/fr\/domaines-demploi\/#breadcrumb"},"inLanguage":"fr-FR","potentialAction":[{"@type":"ReadAction","target":["https:\/\/careers.bathandbodyworks.com\/fr\/domaines-demploi\/"]}]},{"@type":"BreadcrumbList","@id":"https:\/\/careers.bathandbodyworks.com\/fr\/domaines-demploi\/#breadcrumb","itemListElement":[{"@type":"ListItem","position":1,"name":"BATH &amp; BODY WORKS CAREERS HOME","item":"https:\/\/careers.bathandbodyworks.com\/fr\/"},{"@type":"ListItem","position":2,"name":"DOMAINES D\u2019EMPLOI"}]},{"@type":"WebSite","@id":"https:\/\/careers.bathandbodyworks.com\/en\/#website","url":"https:\/\/careers.bathandbodyworks.com\/en\/","name":"Bath &amp; Body Works","description":"Bath &amp; Body Works","potentialAction":[{"@type":"SearchAction","target":{"@type":"EntryPoint","urlTemplate":"https:\/\/careers.bathandbodyworks.com\/en\/?s={search_term_string}"},"query-input":"required name=search_term_string"}],"inLanguage":"fr-FR"}]}},"_links":{"self":[{"href":"https:\/\/careers.bathandbodyworks.com\/fr\/wp-json\/wp\/v2\/pages\/967","targetHints":{"allow":["GET"]}}],"collection":[{"href":"https:\/\/careers.bathandbodyworks.com\/fr\/wp-json\/wp\/v2\/pages"}],"about":[{"href":"https:\/\/careers.bathandbodyworks.com\/fr\/wp-json\/wp\/v2\/types\/page"}],"author":[{"embeddable":true,"href":"https:\/\/careers.bathandbodyworks.com\/fr\/wp-json\/wp\/v2\/users\/355"}],"replies":[{"embeddable":true,"href":"https:\/\/careers.bathandbodyworks.com\/fr\/wp-json\/wp\/v2\/comments?post=967"}],"version-history":[{"count":3,"href":"https:\/\/careers.bathandbodyworks.com\/fr\/wp-json\/wp\/v2\/pages\/967\/revisions"}],"predecessor-version":[{"id":3173,"href":"https:\/\/careers.bathandbodyworks.com\/fr\/wp-json\/wp\/v2\/pages\/967\/revisions\/3173"}],"wp:attachment":[{"href":"https:\/\/careers.bathandbodyworks.com\/fr\/wp-json\/wp\/v2\/media?parent=967"}],"wp:term":[{"taxonomy":"persona","embeddable":true,"href":"https:\/\/careers.bathandbodyworks.com\/fr\/wp-json\/wp\/v2\/persona?post=967"}],"curies":[{"name":"wp","href":"https:\/\/api.w.org\/{rel}","templated":true}]}}