{"id":1007,"date":"2021-06-02T12:14:33","date_gmt":"2021-06-02T12:14:33","guid":{"rendered":"http:\/\/lbrand-v1.site.findly.com\/?page_id=1007"},"modified":"2024-10-10T08:23:37","modified_gmt":"2024-10-10T08:23:37","slug":"etudiants","status":"publish","type":"page","link":"https:\/\/careers.bathandbodyworks.com\/fr\/etudiants\/","title":{"rendered":"\u00c9TUDIANTS"},"content":{"rendered":"<p><div class=\"fusion-fullwidth fullwidth-box fusion-builder-row-1 fusion-flex-container bbw_banner_search__container nonhundred-percent-fullwidth non-hundred-percent-height-scrolling\" style=\"--awb-border-radius-top-left:0px;--awb-border-radius-top-right:0px;--awb-border-radius-bottom-right:0px;--awb-border-radius-bottom-left:0px;--awb-padding-top:25px;--awb-background-color:#e5e5e5;--awb-flex-wrap:wrap;\" aria-label=\"\" role=\"\" ><div class=\"fusion-builder-row fusion-row fusion-flex-align-items-center fusion-flex-justify-content-center fusion-flex-content-wrap\" style=\"max-width:calc( 1557px + 20px );margin-left: calc(-20px \/ 2 );margin-right: calc(-20px \/ 2 );\"><div class=\"fusion-layout-column fusion_builder_column fusion-builder-column-0 fusion_builder_column_1_1 1_1 fusion-flex-column students_searchbar\" style=\"--awb-bg-size:cover;--awb-width-large:100%;--awb-margin-top-large:0px;--awb-spacing-right-large:10px;--awb-margin-bottom-large:20px;--awb-spacing-left-large:10px;--awb-width-medium:100%;--awb-order-medium:0;--awb-spacing-right-medium:10px;--awb-spacing-left-medium:10px;--awb-width-small:100%;--awb-order-small:0;--awb-spacing-right-small:10px;--awb-spacing-left-small:10px;\"><div class=\"fusion-column-wrapper fusion-column-has-shadow fusion-flex-justify-content-center fusion-content-layout-column\"><div class=\"fusion-text fusion-text-1\" style=\"--awb-content-alignment:center;--awb-font-size:26px;--awb-text-color:#005699;\"><p>VOUS VOULEZ \u00caTRE STAGIAIRE CHEZ BATH &amp; BODY WORKS? <a class=\"bbw_button_blue_custom bbw_text_uppercase margin__right_30\" target=\"_self\" href=\"\/fr\/job-search-results\/?employment_type=Internship\" rel=\"noopener noreferrer\"><span class=\"fusion-button-text\">RECHERCHE DE STAGE<\/span><\/a><\/p> <\/div><\/div><\/div><\/div><\/div><div class=\"fusion-fullwidth fullwidth-box fusion-builder-row-2 fusion-flex-container nonhundred-percent-fullwidth non-hundred-percent-height-scrolling\" style=\"--awb-border-radius-top-left:0px;--awb-border-radius-top-right:0px;--awb-border-radius-bottom-right:0px;--awb-border-radius-bottom-left:0px;--awb-flex-wrap:wrap;\" aria-label=\"\" role=\"\" ><div class=\"fusion-builder-row fusion-row fusion-flex-align-items-flex-start fusion-flex-content-wrap\" style=\"max-width:1619.28px;margin-left: calc(-4% \/ 2 );margin-right: calc(-4% \/ 2 );\"><div class=\"fusion-layout-column fusion_builder_column fusion-builder-column-1 fusion_builder_column_1_1 1_1 fusion-flex-column\" style=\"--awb-bg-size:cover;--awb-width-large:100%;--awb-margin-top-large:0px;--awb-spacing-right-large:1.92%;--awb-margin-bottom-large:20px;--awb-spacing-left-large:1.92%;--awb-width-medium:100%;--awb-order-medium:0;--awb-spacing-right-medium:1.92%;--awb-spacing-left-medium:1.92%;--awb-width-small:100%;--awb-order-small:0;--awb-spacing-right-small:1.92%;--awb-spacing-left-small:1.92%;\"><div class=\"fusion-column-wrapper fusion-column-has-shadow fusion-flex-justify-content-flex-start fusion-content-layout-column\"><nav class=\"fusion-breadcrumbs awb-yoast-breadcrumbs fusion-breadcrumbs-1\" style=\"--awb-breadcrumb-sep:&#039;\/&#039;;\" aria-label=\"Breadcrumb\"><span><span><a href=\"https:\/\/careers.bathandbodyworks.com\/fr\/\">BATH &amp; BODY WORKS CAREERS HOME<\/a><\/span><\/span><\/nav><\/div><\/div><\/div><\/div><div class=\"fusion-fullwidth fullwidth-box fusion-builder-row-3 fusion-flex-container nonhundred-percent-fullwidth non-hundred-percent-height-scrolling\" style=\"--awb-border-radius-top-left:0px;--awb-border-radius-top-right:0px;--awb-border-radius-bottom-right:0px;--awb-border-radius-bottom-left:0px;--awb-padding-bottom:50px;--awb-padding-bottom-small:0px;--awb-flex-wrap:wrap;\" aria-label=\"\" role=\"\" ><div class=\"fusion-builder-row fusion-row fusion-flex-align-items-flex-start fusion-flex-content-wrap\" style=\"max-width:1619.28px;margin-left: calc(-4% \/ 2 );margin-right: calc(-4% \/ 2 );\"><div class=\"fusion-layout-column fusion_builder_column fusion-builder-column-2 fusion_builder_column_3_4 3_4 fusion-flex-column\" style=\"--awb-bg-size:cover;--awb-width-large:75%;--awb-margin-top-large:0px;--awb-spacing-right-large:2.56%;--awb-margin-bottom-large:20px;--awb-spacing-left-large:2.56%;--awb-width-medium:100%;--awb-order-medium:0;--awb-spacing-right-medium:1.92%;--awb-spacing-left-medium:1.92%;--awb-width-small:100%;--awb-order-small:0;--awb-spacing-right-small:1.92%;--awb-spacing-left-small:1.92%;\"><div class=\"fusion-column-wrapper fusion-column-has-shadow fusion-flex-justify-content-flex-start fusion-content-layout-column\"><div class=\"fusion-title title fusion-title-1 fusion-sep-none fusion-title-text fusion-title-size-one\"><h1 class=\"fusion-title-heading title-heading-left\" style=\"margin:0;\">\u00c9TUDIANTS<\/h1><\/div><div class=\"fusion-text fusion-text-2 subpage_content\"><p>Nous savons que notre avenir d\u00e9pend de la prochaine g\u00e9n\u00e9ration d\u2019associ\u00e9s qui apportent de nouveaux points de vue, et une imagination et une \u00e9nergie sans limites \u00e0 notre travail. C\u2019est pourquoi nous cr\u00e9ons des occasions significatives pour que les \u00e9tudiants d\u2019aujourd\u2019hui deviennent les r\u00e9ussites de demain.<\/p> <h2>STAGES<\/h2> <p>Nous formons nos associ\u00e9s pour qu\u2019ils deviennent les meilleurs du secteur, sans exception. C\u2019est pourquoi un stage chez Bath &amp; Body Works est l\u2019endroit id\u00e9al pour amorcer votre carri\u00e8re.<\/p> <\/div><div class=\"accordian fusion-accordian bbw__accordion\" style=\"--awb-border-size:1px;--awb-icon-size:18px;--awb-content-font-size:18px;--awb-icon-alignment:left;--awb-hover-color:#ffffff;--awb-border-color:#cccccc;--awb-background-color:#ffffff;--awb-divider-color:#e0dede;--awb-divider-hover-color:#e0dede;--awb-icon-color:#666666;--awb-title-color:#005699;--awb-content-color:#666666;--awb-icon-box-color:rgba(102,102,102,0);--awb-toggle-hover-accent-color:#666666;--awb-title-font-family:&quot;TradeGothicLT-BoldTwo&quot;;--awb-title-font-weight:400;--awb-title-font-style:normal;--awb-title-line-height:1.5;--awb-content-font-family:&quot;TradeGothicLT&quot;;--awb-content-font-style:normal;--awb-content-font-weight:400;\" id=\"bbw_accordion\"><div class=\"panel-group fusion-toggle-icon-boxed\" id=\"accordion-1007-1\"><div class=\"fusion-panel panel-default panel-13c69841b19489547 fusion-toggle-no-divider fusion-toggle-boxed-mode\"><div class=\"panel-heading\"><h4 class=\"panel-title toggle\" id=\"toggle_13c69841b19489547\"><a aria-expanded=\"false\" aria-controls=\"13c69841b19489547\" role=\"button\" data-toggle=\"collapse\" data-parent=\"#accordion-1007-1\" data-target=\"#13c69841b19489547\" href=\"#13c69841b19489547\"><span class=\"fusion-toggle-icon-wrapper\" aria-hidden=\"true\"><i class=\"fa-fusion-box active-icon awb-icon-minus\" aria-hidden=\"true\"><\/i><i class=\"fa-fusion-box inactive-icon awb-icon-plus\" aria-hidden=\"true\"><\/i><\/span><span class=\"fusion-toggle-heading\">\u00c0 quoi s\u2019attendre d\u2019un stage chez Bath &amp; Body Works<\/span><\/a><\/h4><\/div><div id=\"13c69841b19489547\" class=\"panel-collapse collapse\" aria-labelledby=\"toggle_13c69841b19489547\"><div class=\"panel-body toggle-content fusion-clearfix\">Si vous \u00eates choisi pour notre programme de stage, vous :<\/p> <ul> <li>ferez l\u2019exp\u00e9rience directe de la puissance de nos valeurs et de notre culture de marque, et de la mani\u00e8re dont elles produisent des r\u00e9sultats exceptionnels<\/li> <li>d\u00e9couvrirez comment nos associ\u00e9s cr\u00e9ent et proposent les produits et les exp\u00e9riences client les plus remarquables<\/li> <li>participerez \u00e0 des exp\u00e9riences de travail stimulantes dans votre domaine<\/li> <li>aurez des occasions de soutenir des \u00e9quipes interfonctionnelles et de travailler avec elles<\/li> <li>profiterez de tout ce que Bath &amp; Body Works a \u00e0 offrir, des rabais sur les produits aux exp\u00e9riences r\u00e9serv\u00e9es aux associ\u00e9es en passant par des activit\u00e9s communautaires.<\/li> <\/ul> <p>Des stages sont offerts dans toutes les disciplines, notamment :<\/p> <ul> <li>Finances et comptabilit\u00e9<\/li> <li>Planification et allocation de la marchandise<\/li> <li>Marchandisage<\/li> <li>Conception<\/li> <li>Publicit\u00e9 num\u00e9rique<\/li> <li>Marketing<\/li> <li>Op\u00e9rations de la cha\u00eene d\u2019approvisionnement<\/li> <li>Logistique<\/li> <li>Ressources humaines<\/li> <li>Technologies de l\u2019information<\/li> <\/ul> <\/div><\/div><\/div><div class=\"fusion-panel panel-default panel-4a81fea3b15e57011 fusion-toggle-no-divider fusion-toggle-boxed-mode\"><div class=\"panel-heading\"><h4 class=\"panel-title toggle\" id=\"toggle_4a81fea3b15e57011\"><a aria-expanded=\"false\" aria-controls=\"4a81fea3b15e57011\" role=\"button\" data-toggle=\"collapse\" data-parent=\"#accordion-1007-1\" data-target=\"#4a81fea3b15e57011\" href=\"#4a81fea3b15e57011\"><span class=\"fusion-toggle-icon-wrapper\" aria-hidden=\"true\"><i class=\"fa-fusion-box active-icon awb-icon-minus\" aria-hidden=\"true\"><\/i><i class=\"fa-fusion-box inactive-icon awb-icon-plus\" aria-hidden=\"true\"><\/i><\/span><span class=\"fusion-toggle-heading\">Qualifications pour les stages<\/span><\/a><\/h4><\/div><div id=\"4a81fea3b15e57011\" class=\"panel-collapse collapse\" aria-labelledby=\"toggle_4a81fea3b15e57011\"><div class=\"panel-body toggle-content fusion-clearfix\">Nous cherchons des universitaires en premi\u00e8re ou deuxi\u00e8me ann\u00e9e de baccalaur\u00e9at qui :<\/p> <ul> <li>font preuve d\u2019un esprit entrepreneurial<\/li> <li>acceptent les environnements de collaboration et d\u2019inclusion<\/li> <li>font preuve de leadership et poss\u00e8dent une facilit\u00e9 \u00e0 d\u00e9velopper des relations<\/li> <li>aiment analyser l\u2019information, r\u00e9soudre des probl\u00e8mes et atteindre un consensus<\/li> <li>ont une moyenne acad\u00e9mique d\u2019au moins 3,0.<\/li> <\/ul> <\/div><\/div><\/div><div class=\"fusion-panel panel-default panel-3d2d002a5ffe9b25a fusion-toggle-no-divider fusion-toggle-boxed-mode\"><div class=\"panel-heading\"><h4 class=\"panel-title toggle\" id=\"toggle_3d2d002a5ffe9b25a\"><a aria-expanded=\"false\" aria-controls=\"3d2d002a5ffe9b25a\" role=\"button\" data-toggle=\"collapse\" data-parent=\"#accordion-1007-1\" data-target=\"#3d2d002a5ffe9b25a\" href=\"#3d2d002a5ffe9b25a\"><span class=\"fusion-toggle-icon-wrapper\" aria-hidden=\"true\"><i class=\"fa-fusion-box active-icon awb-icon-minus\" aria-hidden=\"true\"><\/i><i class=\"fa-fusion-box inactive-icon awb-icon-plus\" aria-hidden=\"true\"><\/i><\/span><span class=\"fusion-toggle-heading\">Soumettre une candidature<\/span><\/a><\/h4><\/div><div id=\"3d2d002a5ffe9b25a\" class=\"panel-collapse collapse\" aria-labelledby=\"toggle_3d2d002a5ffe9b25a\"><div class=\"panel-body toggle-content fusion-clearfix\"> <div>Trouvez une occasion de stage et soumettez votre candidature sur ce site en utilisant le domaine d\u2019emploi ou le mot-cl\u00e9 \u00ab stage \u00bb. Il est aussi possible que des offres de stage chez Bath &amp; Body Works soient affich\u00e9es sur le tableau des offres d\u2019emploi de votre campus et que vous puissiez soumettre votre curriculum vit\u00e6 sur le site Web des carri\u00e8res de votre \u00e9tablissement scolaire.<\/div> <\/div><\/div><\/div><div class=\"fusion-panel panel-default panel-cc02cca66c6c70058 fusion-toggle-no-divider fusion-toggle-boxed-mode\"><div class=\"panel-heading\"><h4 class=\"panel-title toggle\" id=\"toggle_cc02cca66c6c70058\"><a aria-expanded=\"false\" aria-controls=\"cc02cca66c6c70058\" role=\"button\" data-toggle=\"collapse\" data-parent=\"#accordion-1007-1\" data-target=\"#cc02cca66c6c70058\" href=\"#cc02cca66c6c70058\"><span class=\"fusion-toggle-icon-wrapper\" aria-hidden=\"true\"><i class=\"fa-fusion-box active-icon awb-icon-minus\" aria-hidden=\"true\"><\/i><i class=\"fa-fusion-box inactive-icon awb-icon-plus\" aria-hidden=\"true\"><\/i><\/span><span class=\"fusion-toggle-heading\">Que se passe-t-il apr\u00e8s la soumission de ma candidature?<\/span><\/a><\/h4><\/div><div id=\"cc02cca66c6c70058\" class=\"panel-collapse collapse\" aria-labelledby=\"toggle_cc02cca66c6c70058\"><div class=\"panel-body toggle-content fusion-clearfix\"> <div>Une fois votre profil soumis, un membre de notre \u00e9quipe de recrutement universitaire examinera votre exp\u00e9rience et pourrait communiquer avec vous si votre profil correspond \u00e0 nos exigences et aux occasions disponibles.<\/div> <\/div><\/div><\/div><\/div><\/div><\/div><\/div><div class=\"fusion-layout-column fusion_builder_column fusion-builder-column-3 fusion_builder_column_1_4 1_4 fusion-flex-column\" style=\"--awb-bg-size:cover;--awb-width-large:25%;--awb-margin-top-large:0px;--awb-spacing-right-large:7.68%;--awb-margin-bottom-large:20px;--awb-spacing-left-large:7.68%;--awb-width-medium:100%;--awb-order-medium:0;--awb-spacing-right-medium:1.92%;--awb-spacing-left-medium:1.92%;--awb-width-small:100%;--awb-order-small:0;--awb-spacing-right-small:1.92%;--awb-spacing-left-small:1.92%;\"><div class=\"fusion-column-wrapper fusion-column-has-shadow fusion-flex-justify-content-flex-start fusion-content-layout-column\"><\/div><\/div><\/div><\/div><\/p>\n","protected":false},"excerpt":{"rendered":"","protected":false},"author":1,"featured_media":0,"parent":0,"menu_order":0,"comment_status":"closed","ping_status":"closed","template":"100-width.php","meta":{"footnotes":""},"persona":[],"class_list":["post-1007","page","type-page","status-publish","hentry"],"yoast_head":"<!-- This site is optimized with the Yoast SEO Premium plugin v23.0 (Yoast SEO v23.0) - https:\/\/yoast.com\/wordpress\/plugins\/seo\/ -->\n<title>Bath and Body Works \u2013 Page pour les \u00e9tudiants<\/title>\n<meta name=\"description\" content=\"Nos programmes pour \u00e9tudiants stagiaires et nos programmes coll\u00e9giaux sont con\u00e7us pour fournir \u00e0 la prochaine g\u00e9n\u00e9ration les comp\u00e9tences et les occasions de perfectionnement dont elle a besoin pour d\u00e9couvrir des carri\u00e8res gratifiantes et devenir des leaders de l\u2019industrie.\" \/>\n<meta name=\"robots\" content=\"index, follow, max-snippet:-1, max-image-preview:large, max-video-preview:-1\" \/>\n<link rel=\"canonical\" href=\"https:\/\/careers.bathandbodyworks.com\/fr\/etudiants\/\" \/>\n<meta property=\"og:locale\" content=\"fr_FR\" \/>\n<meta property=\"og:type\" content=\"article\" \/>\n<meta property=\"og:title\" content=\"\u00c9TUDIANTS\" \/>\n<meta property=\"og:description\" content=\"Nos programmes pour \u00e9tudiants stagiaires et nos programmes coll\u00e9giaux sont con\u00e7us pour fournir \u00e0 la prochaine g\u00e9n\u00e9ration les comp\u00e9tences et les occasions de perfectionnement dont elle a besoin pour d\u00e9couvrir des carri\u00e8res gratifiantes et devenir des leaders de l\u2019industrie.\" \/>\n<meta property=\"og:url\" content=\"https:\/\/careers.bathandbodyworks.com\/fr\/etudiants\/\" \/>\n<meta property=\"og:site_name\" content=\"Bath &amp; Body Works\" \/>\n<meta property=\"article:modified_time\" content=\"2024-10-10T08:23:37+00:00\" \/>\n<meta property=\"og:image\" content=\"https:\/\/careers.bathandbodyworks.com\/wp-content\/uploads\/sites\/1635\/2023\/12\/bbw-storefront-banner-image.jpg\" \/>\n\t<meta property=\"og:image:width\" content=\"1903\" \/>\n\t<meta property=\"og:image:height\" content=\"1004\" \/>\n\t<meta property=\"og:image:type\" content=\"image\/jpeg\" \/>\n<meta name=\"twitter:card\" content=\"summary_large_image\" \/>\n<meta name=\"twitter:label1\" content=\"Dur\u00e9e de lecture estim\u00e9e\" \/>\n\t<meta name=\"twitter:data1\" content=\"6 minutes\" \/>\n<script type=\"application\/ld+json\" class=\"yoast-schema-graph\">{\"@context\":\"https:\/\/schema.org\",\"@graph\":[{\"@type\":\"WebPage\",\"@id\":\"https:\/\/careers.bathandbodyworks.com\/fr\/etudiants\/\",\"url\":\"https:\/\/careers.bathandbodyworks.com\/fr\/etudiants\/\",\"name\":\"Bath and Body Works \u2013 Page pour les \u00e9tudiants\",\"isPartOf\":{\"@id\":\"https:\/\/careers.bathandbodyworks.com\/en\/#website\"},\"datePublished\":\"2021-06-02T12:14:33+00:00\",\"dateModified\":\"2024-10-10T08:23:37+00:00\",\"description\":\"Nos programmes pour \u00e9tudiants stagiaires et nos programmes coll\u00e9giaux sont con\u00e7us pour fournir \u00e0 la prochaine g\u00e9n\u00e9ration les comp\u00e9tences et les occasions de perfectionnement dont elle a besoin pour d\u00e9couvrir des carri\u00e8res gratifiantes et devenir des leaders de l\u2019industrie.\",\"breadcrumb\":{\"@id\":\"https:\/\/careers.bathandbodyworks.com\/fr\/etudiants\/#breadcrumb\"},\"inLanguage\":\"fr-FR\",\"potentialAction\":[{\"@type\":\"ReadAction\",\"target\":[\"https:\/\/careers.bathandbodyworks.com\/fr\/etudiants\/\"]}]},{\"@type\":\"BreadcrumbList\",\"@id\":\"https:\/\/careers.bathandbodyworks.com\/fr\/etudiants\/#breadcrumb\",\"itemListElement\":[{\"@type\":\"ListItem\",\"position\":1,\"name\":\"BATH &amp; BODY WORKS CAREERS HOME\",\"item\":\"https:\/\/careers.bathandbodyworks.com\/fr\/\"},{\"@type\":\"ListItem\",\"position\":2,\"name\":\"\u00c9TUDIANTS\"}]},{\"@type\":\"WebSite\",\"@id\":\"https:\/\/careers.bathandbodyworks.com\/en\/#website\",\"url\":\"https:\/\/careers.bathandbodyworks.com\/en\/\",\"name\":\"Bath &amp; Body Works\",\"description\":\"Bath &amp; Body Works\",\"potentialAction\":[{\"@type\":\"SearchAction\",\"target\":{\"@type\":\"EntryPoint\",\"urlTemplate\":\"https:\/\/careers.bathandbodyworks.com\/en\/?s={search_term_string}\"},\"query-input\":\"required name=search_term_string\"}],\"inLanguage\":\"fr-FR\"}]}<\/script>\n<!-- \/ Yoast SEO Premium plugin. -->","yoast_head_json":{"title":"Bath and Body Works \u2013 Page pour les \u00e9tudiants","description":"Nos programmes pour \u00e9tudiants stagiaires et nos programmes coll\u00e9giaux sont con\u00e7us pour fournir \u00e0 la prochaine g\u00e9n\u00e9ration les comp\u00e9tences et les occasions de perfectionnement dont elle a besoin pour d\u00e9couvrir des carri\u00e8res gratifiantes et devenir des leaders de l\u2019industrie.","robots":{"index":"index","follow":"follow","max-snippet":"max-snippet:-1","max-image-preview":"max-image-preview:large","max-video-preview":"max-video-preview:-1"},"canonical":"https:\/\/careers.bathandbodyworks.com\/fr\/etudiants\/","og_locale":"fr_FR","og_type":"article","og_title":"\u00c9TUDIANTS","og_description":"Nos programmes pour \u00e9tudiants stagiaires et nos programmes coll\u00e9giaux sont con\u00e7us pour fournir \u00e0 la prochaine g\u00e9n\u00e9ration les comp\u00e9tences et les occasions de perfectionnement dont elle a besoin pour d\u00e9couvrir des carri\u00e8res gratifiantes et devenir des leaders de l\u2019industrie.","og_url":"https:\/\/careers.bathandbodyworks.com\/fr\/etudiants\/","og_site_name":"Bath &amp; Body Works","article_modified_time":"2024-10-10T08:23:37+00:00","og_image":[{"width":1903,"height":1004,"url":"https:\/\/careers.bathandbodyworks.com\/wp-content\/uploads\/sites\/1635\/2023\/12\/bbw-storefront-banner-image.jpg","type":"image\/jpeg"}],"twitter_card":"summary_large_image","twitter_misc":{"Dur\u00e9e de lecture estim\u00e9e":"6 minutes"},"schema":{"@context":"https:\/\/schema.org","@graph":[{"@type":"WebPage","@id":"https:\/\/careers.bathandbodyworks.com\/fr\/etudiants\/","url":"https:\/\/careers.bathandbodyworks.com\/fr\/etudiants\/","name":"Bath and Body Works \u2013 Page pour les \u00e9tudiants","isPartOf":{"@id":"https:\/\/careers.bathandbodyworks.com\/en\/#website"},"datePublished":"2021-06-02T12:14:33+00:00","dateModified":"2024-10-10T08:23:37+00:00","description":"Nos programmes pour \u00e9tudiants stagiaires et nos programmes coll\u00e9giaux sont con\u00e7us pour fournir \u00e0 la prochaine g\u00e9n\u00e9ration les comp\u00e9tences et les occasions de perfectionnement dont elle a besoin pour d\u00e9couvrir des carri\u00e8res gratifiantes et devenir des leaders de l\u2019industrie.","breadcrumb":{"@id":"https:\/\/careers.bathandbodyworks.com\/fr\/etudiants\/#breadcrumb"},"inLanguage":"fr-FR","potentialAction":[{"@type":"ReadAction","target":["https:\/\/careers.bathandbodyworks.com\/fr\/etudiants\/"]}]},{"@type":"BreadcrumbList","@id":"https:\/\/careers.bathandbodyworks.com\/fr\/etudiants\/#breadcrumb","itemListElement":[{"@type":"ListItem","position":1,"name":"BATH &amp; BODY WORKS CAREERS HOME","item":"https:\/\/careers.bathandbodyworks.com\/fr\/"},{"@type":"ListItem","position":2,"name":"\u00c9TUDIANTS"}]},{"@type":"WebSite","@id":"https:\/\/careers.bathandbodyworks.com\/en\/#website","url":"https:\/\/careers.bathandbodyworks.com\/en\/","name":"Bath &amp; Body Works","description":"Bath &amp; Body Works","potentialAction":[{"@type":"SearchAction","target":{"@type":"EntryPoint","urlTemplate":"https:\/\/careers.bathandbodyworks.com\/en\/?s={search_term_string}"},"query-input":"required name=search_term_string"}],"inLanguage":"fr-FR"}]}},"_links":{"self":[{"href":"https:\/\/careers.bathandbodyworks.com\/fr\/wp-json\/wp\/v2\/pages\/1007","targetHints":{"allow":["GET"]}}],"collection":[{"href":"https:\/\/careers.bathandbodyworks.com\/fr\/wp-json\/wp\/v2\/pages"}],"about":[{"href":"https:\/\/careers.bathandbodyworks.com\/fr\/wp-json\/wp\/v2\/types\/page"}],"author":[{"embeddable":true,"href":"https:\/\/careers.bathandbodyworks.com\/fr\/wp-json\/wp\/v2\/users\/1"}],"replies":[{"embeddable":true,"href":"https:\/\/careers.bathandbodyworks.com\/fr\/wp-json\/wp\/v2\/comments?post=1007"}],"version-history":[{"count":2,"href":"https:\/\/careers.bathandbodyworks.com\/fr\/wp-json\/wp\/v2\/pages\/1007\/revisions"}],"predecessor-version":[{"id":3040,"href":"https:\/\/careers.bathandbodyworks.com\/fr\/wp-json\/wp\/v2\/pages\/1007\/revisions\/3040"}],"wp:attachment":[{"href":"https:\/\/careers.bathandbodyworks.com\/fr\/wp-json\/wp\/v2\/media?parent=1007"}],"wp:term":[{"taxonomy":"persona","embeddable":true,"href":"https:\/\/careers.bathandbodyworks.com\/fr\/wp-json\/wp\/v2\/persona?post=1007"}],"curies":[{"name":"wp","href":"https:\/\/api.w.org\/{rel}","templated":true}]}}